{"id":292,"date":"2021-03-03T16:37:19","date_gmt":"2021-03-03T15:37:19","guid":{"rendered":"https:\/\/bip.spchorzew.edu.pl\/?page_id=292"},"modified":"2022-02-16T12:55:24","modified_gmt":"2022-02-16T11:55:24","slug":"deklaracja-dostepnosci","status":"publish","type":"page","link":"https:\/\/bip.spchorzew.edu.pl\/?page_id=292","title":{"rendered":"Deklaracja Dost\u0119pno\u015bci"},"content":{"rendered":"\n<h3 class=\"wp-block-heading\" id=\"wstep\"><strong>WST\u0118P:<\/strong><\/h3>\n\n\n\n<p id=\"a11y-wstep\"><span id=\"a11y-podmiot\">Szko\u0142a Podstawowa w Chorzewie<\/span> zobowi\u0105zuje si\u0119 zapewni\u0107 dost\u0119pno\u015b\u0107 swojej strony internetowej zgodnie z przepisami ustawy z dnia 4 kwietnia 2019 r. o dost\u0119pno\u015bci cyfrowej stron internetowych i aplikacji mobilnych podmiot\u00f3w publicznych. O\u015bwiadczenie w sprawie dost\u0119pno\u015bci ma zastosowanie do strony internetowej <a id=\"a11y-url\" href=\"https:\/\/bip.spchorzew.edu.pl\" target=\"_blank\" rel=\"noopener noreferrer\">https:\/\/bip.spchorzew.edu.pl<\/a><\/p>\n\n\n\n<p id=\"a11y-data-publikacja\">Data publikacji strony internetowej: 2012-10-05<\/p>\n\n\n\n<p id=\"a11y-data-aktualizacja\">Data ostatniej istotnej aktualizacji: 2021-09-01<\/p>\n\n\n\n<h3 class=\"wp-block-heading\" id=\"status-pod-wzgledem-zgodnosci-z-ustawa\"><strong>STATUS POD WZGL\u0118DEM ZGODNO\u015aCI Z USTAW\u0104:<\/strong><\/h3>\n\n\n\n<p id=\"a11y-status\">Strona internetowa jest cz\u0119\u015bciowo zgodna z ustaw\u0105 z dnia 4 kwietnia 2019 r. o dost\u0119pno\u015bci cyfrowej stron internetowych i aplikacji mobilnych podmiot\u00f3w publicznych z powodu niezgodno\u015bci lub wy\u0142\u0105cze\u0144 wymienionych poni\u017cej:<\/p>\n\n\n\n<ul class=\"wp-block-list\" id=\"a11y-ocena\"><li>filmy nie posiadaj\u0105 napis\u00f3w dla os\u00f3b g\u0142uchych<\/li><li>niekt\u00f3re zdj\u0119cia z wydarze\u0144 nie posiadaj\u0105 pe\u0142nych opis\u00f3w alternatywnych<\/li><li>mapy s\u0105 wy\u0142\u0105czone z obowi\u0105zku zapewniania dost\u0119pno\u015bci<\/li><li>dokumenty w PDF nie s\u0105 dokumentami edytowalnymi<\/li><li>cz\u0119\u015b\u0107 plik\u00f3w nie jest dost\u0119pnych cyfrowo<\/li><\/ul>\n\n\n\n<h3 class=\"wp-block-heading\" id=\"informacje-dodatkowe-strona-posiada\"><strong>INFORMACJE DODATKOWE \u2013 STRONA POSIADA:<\/strong><\/h3>\n\n\n\n<p>Narz\u0119dzie u\u0142atwie\u0144 dost\u0119pu (widoczny obrazek po lewej stronie przy poruszaniu si\u0119 po witrynie w wersji na komputery stacjonarne) a w nim:<\/p>\n\n\n\n<ul class=\"wp-block-list\"><li>podwy\u017cszony kontrast<\/li><li>mo\u017cliwo\u015b\u0107 powi\u0119kszenia liter<\/li><li>pod\u015bwietlane linki<\/li><li>skala szaro\u015bci<\/li><li>jasne t\u0142o<\/li><\/ul>\n\n\n\n<p>Na stronie internetowej mo\u017cna u\u017cywa\u0107 standardowych skr\u00f3t\u00f3w klawiaturowych przegl\u0105darki.<\/p>\n\n\n\n<h3 class=\"wp-block-heading\" id=\"data-sporzadzenia-deklaracji\"><strong>DATA SPORZ\u0104DZENIA DEKLARACJI:<\/strong><\/h3>\n\n\n\n<p id=\"a11y-data-sporzadzenie\">Deklaracje sporz\u0105dzono dnia 2020-03-28 r.<\/p>\n\n\n\n<p>Deklaracj\u0119 sporz\u0105dzono na podstawie samooceny przeprowadzonej przez dyrektora Szko\u0142y Podstawowej w Chorzewie.<\/p>\n\n\n\n<h3 class=\"wp-block-heading\" id=\"kontakt-i-informacje-zwrotne\"><strong>KONTAKT I INFORMACJE ZWROTNE:<\/strong><\/h3>\n\n\n\n<p><\/p>\n\n\n\n<h3 class=\"wp-block-heading\" id=\"procedura-wnioskowo-skargowa\"><strong>PROCEDURA WNIOSKOWO-SKARGOWA<\/strong><\/h3>\n\n\n\n<p><\/p>\n\n\n\n<h3 class=\"wp-block-heading\" id=\"dostepnosc-architektoniczna\"><strong>DOST\u0118PNO\u015a\u0106 ARCHITEKTONICZNA<\/strong><\/h3>\n\n\n\n<ol class=\"wp-block-list\" type=\"1\" id=\"a11y-architektur\"><li>Do budynku szko\u0142y prowadzi g\u0142\u00f3wne wej\u015bcie znajduj\u0105ce si\u0119 od ulicy, prowadz\u0105 do niego schody, brak podjazd\u00f3w dla niepe\u0142nosprawnych. Nad wej\u015bciami nie ma g\u0142o\u015bnik\u00f3w systemu naprowadzaj\u0105cego d\u017awi\u0119kowo osoby niewidome i s\u0142abowidz\u0105ce.<\/li><li>Na terenie szko\u0142y nie ma miejsc parkingowych.<\/li><li>Osobami oddelegowanymi do udzielania informacji przy wej\u015bciu g\u0142\u00f3wnym s\u0105 pracownicy obs\u0142ugi.<\/li><li>W budynku na ka\u017cdym poziomie (parter, 1 pi\u0119tro i piwnica) znajduje si\u0119 korytarz.<\/li><li>W budynku nie ma dostosowa\u0144 dla os\u00f3b niepe\u0142nosprawnych (toalety, barierki).<\/li><li>Do szko\u0142y mo\u017ce wej\u015b\u0107 osoba z psem asystuj\u0105cym i psem przewodnikiem. W budynku brak udogodnie\u0144 dla psa asystuj\u0105cego i psa przewodnika.<\/li><li>W szkole nie ma mo\u017cliwo\u015bci skorzystania z t\u0142umacza j\u0119zyka migowego.<\/li><\/ol>\n","protected":false},"excerpt":{"rendered":"","protected":false},"author":3,"featured_media":0,"parent":0,"menu_order":0,"comment_status":"closed","ping_status":"closed","template":"","meta":{"footnotes":""},"class_list":["post-292","page","type-page","status-publish","hentry"],"_links":{"self":[{"href":"https:\/\/bip.spchorzew.edu.pl\/index.php?rest_route=\/wp\/v2\/pages\/292","targetHints":{"allow":["GET"]}}],"collection":[{"href":"https:\/\/bip.spchorzew.edu.pl\/index.php?rest_route=\/wp\/v2\/pages"}],"about":[{"href":"https:\/\/bip.spchorzew.edu.pl\/index.php?rest_route=\/wp\/v2\/types\/page"}],"author":[{"embeddable":true,"href":"https:\/\/bip.spchorzew.edu.pl\/index.php?rest_route=\/wp\/v2\/users\/3"}],"replies":[{"embeddable":true,"href":"https:\/\/bip.spchorzew.edu.pl\/index.php?rest_route=%2Fwp%2Fv2%2Fcomments&post=292"}],"version-history":[{"count":3,"href":"https:\/\/bip.spchorzew.edu.pl\/index.php?rest_route=\/wp\/v2\/pages\/292\/revisions"}],"predecessor-version":[{"id":315,"href":"https:\/\/bip.spchorzew.edu.pl\/index.php?rest_route=\/wp\/v2\/pages\/292\/revisions\/315"}],"wp:attachment":[{"href":"https:\/\/bip.spchorzew.edu.pl\/index.php?rest_route=%2Fwp%2Fv2%2Fmedia&parent=292"}],"curies":[{"name":"wp","href":"https:\/\/api.w.org\/{rel}","templated":true}]}}