{"id":2,"date":"2021-09-01T13:40:00","date_gmt":"2021-09-01T11:40:00","guid":{"rendered":"http:\/\/bip.spchorzew.cal24.pl\/?page_id=2"},"modified":"2025-11-24T10:02:59","modified_gmt":"2025-11-24T09:02:59","slug":"about","status":"publish","type":"page","link":"https:\/\/bip.spchorzew.edu.pl\/","title":{"rendered":"Biuletyn Informacji Publicznej"},"content":{"rendered":"<h3>Szko\u0142a Podstawowa w Chorzewie<\/h3>\n<p>Chorzew 4<br \/>98-358 Kie\u0142czyg\u0142\u00f3w<\/p>\n<p>tel.: (+48) 43 842 51 81<br \/>www: <a href=\"https:\/\/spchorzew.edu.pl\" target=\"_blank\" rel=\"noopener noreferrer\">spchorzew.edu.pl<\/a><br \/>e-mail:\u00a0<a href=\"mailto:sp.chorzew@gmail.com\">sp.chorzew@gmail.com<\/a><\/p>\n<p>Adres do e-dor\u0119cze\u0144: <em>AE:PL-47714-85778-FFAFS-15<\/em><\/p>\n<p>NIP: 7722016043<br \/>REGON: 001150032<\/p>\n<p>Administrator strony: <strong>Robert Majchrzak<\/strong><br \/>e-mail:\u00a0<a href=\"mailto:rmajchrzak@spchorzew.edu.pl\">rmajchrzak@spchorzew.edu.pl<\/a><\/p>\n<p>Inspektor Ochrony Danych: <strong>Micha\u0142 Kostarczyk<\/strong><br \/>e-mail: <a href=\"mailto:mkostarczyk@kielczyglow.pl\">mkostarczyk@kielczyglow.pl<\/a><\/p>\n<div id=\"wpgmza_map\" class=\"wpgmza_map\" data-settings='{\"id\":\"1\",\"map_title\":\"SP Chorzew - lokalizacja\",\"map_width\":\"100\",\"map_height\":\"400\",\"map_start_lat\":\"51.227835\",\"map_start_lng\":\"18.909791\",\"map_start_location\":\"51.227834583952585,18.90979085436733\",\"map_start_zoom\":\"12\",\"default_marker\":\"0\",\"type\":\"1\",\"alignment\":\"3\",\"directions_enabled\":\"1\",\"styling_enabled\":\"0\",\"styling_json\":\"\",\"active\":\"0\",\"kml\":\"\",\"bicycle\":\"0\",\"traffic\":\"0\",\"dbox\":\"1\",\"dbox_width\":\"100\",\"listmarkers\":\"0\",\"listmarkers_advanced\":\"0\",\"filterbycat\":\"0\",\"ugm_enabled\":\"0\",\"ugm_category_enabled\":\"0\",\"fusion\":\"\",\"map_width_type\":\"\\\\%\",\"map_height_type\":\"px\",\"mass_marker_support\":\"1\",\"ugm_access\":\"0\",\"order_markers_by\":\"1\",\"order_markers_choice\":\"2\",\"show_user_location\":\"0\",\"default_to\":\"\",\"other_settings\":{\"store_locator_enabled\":2,\"store_locator_distance\":2,\"store_locator_default_radius\":\"10\",\"store_locator_not_found_message\":\"No results found in this location. Please try again.\",\"store_locator_bounce\":1,\"store_locator_query_string\":\"ZIP \\\/ Address:\",\"store_locator_default_address\":\"\",\"wpgmza_store_locator_restrict\":\"pl\",\"store_locator_style\":\"legacy\",\"wpgmza_store_locator_radius_style\":\"legacy\",\"map_max_zoom\":\"10\",\"transport_layer\":0,\"wpgmza_show_points_of_interest\":0}}' data-map-id='1' Data-maps-engine='open-layers' data-shortcode-attributes='{\"id\":\"1\"}' style=\"display:block; overflow:auto; width:100%; height:400px; float:left;\"><\/div>\n\n\n<p><\/p>\n","protected":false},"excerpt":{"rendered":"","protected":false},"author":3,"featured_media":0,"parent":0,"menu_order":0,"comment_status":"closed","ping_status":"closed","template":"","meta":{"footnotes":""},"class_list":["post-2","page","type-page","status-publish","hentry"],"_links":{"self":[{"href":"https:\/\/bip.spchorzew.edu.pl\/index.php?rest_route=\/wp\/v2\/pages\/2","targetHints":{"allow":["GET"]}}],"collection":[{"href":"https:\/\/bip.spchorzew.edu.pl\/index.php?rest_route=\/wp\/v2\/pages"}],"about":[{"href":"https:\/\/bip.spchorzew.edu.pl\/index.php?rest_route=\/wp\/v2\/types\/page"}],"author":[{"embeddable":true,"href":"https:\/\/bip.spchorzew.edu.pl\/index.php?rest_route=\/wp\/v2\/users\/3"}],"replies":[{"embeddable":true,"href":"https:\/\/bip.spchorzew.edu.pl\/index.php?rest_route=%2Fwp%2Fv2%2Fcomments&post=2"}],"version-history":[{"count":9,"href":"https:\/\/bip.spchorzew.edu.pl\/index.php?rest_route=\/wp\/v2\/pages\/2\/revisions"}],"predecessor-version":[{"id":340,"href":"https:\/\/bip.spchorzew.edu.pl\/index.php?rest_route=\/wp\/v2\/pages\/2\/revisions\/340"}],"wp:attachment":[{"href":"https:\/\/bip.spchorzew.edu.pl\/index.php?rest_route=%2Fwp%2Fv2%2Fmedia&parent=2"}],"curies":[{"name":"wp","href":"https:\/\/api.w.org\/{rel}","templated":true}]}}